{"id":572,"date":"2024-08-08T17:49:41","date_gmt":"2024-08-08T17:49:41","guid":{"rendered":"https:\/\/itdidak.dk\/?page_id=572"},"modified":"2024-08-10T18:11:50","modified_gmt":"2024-08-10T18:11:50","slug":"ai-agenter","status":"publish","type":"page","link":"https:\/\/itdidak.dk\/index.php\/ai-agenter\/","title":{"rendered":"AI-Agenter"},"content":{"rendered":"\n<p>&#8220;AI-agenter&#8221; er chatbots, der har f\u00e5et en specifik instruktion, som de skal forholde sig til i dialogen med brugeren. Dette giver mulighed for, at man som bruger kan oprette og dele chatbots, der specifikt kan hj\u00e6lpe med at generere en \u00f8nsket tekst.<\/p>\n\n\n\n<p>Nedenst\u00e5ende er nogle eksempler p\u00e5 AI-Agenter rettet mod undervisere i folkeskolen.<\/p>\n\n\n\n<p>Bem\u00e6rk at AI-Agenterne er oprettet hos OpenAI, og at det derfor kr\u00e6ves, at man  opretter en gratis brugerkonto, for at kunne anvende disse. Hvis man som bruger \u00f8nsker at oprette nye AI-Agenter, er man n\u00f8dt til at have et betalt abonnement hos  en af de mange udbydere af generative sprogmodeller.<br><\/p>\n\n\n\n<hr class=\"wp-block-separator has-alpha-channel-opacity is-style-wide\"\/>\n\n\n\n<div class=\"wp-block-columns is-layout-flex wp-container-core-columns-is-layout-28f84493 wp-block-columns-is-layout-flex\">\n<div class=\"wp-block-column is-layout-flow wp-block-column-is-layout-flow\" style=\"flex-basis:33.33%\">\n<div class=\"wp-block-buttons is-layout-flex wp-block-buttons-is-layout-flex\">\n<div class=\"wp-block-button\"><a class=\"wp-block-button__link wp-element-button\" href=\"https:\/\/chatgpt.com\/g\/g-KOjSUmFrd-english-short-stories\" target=\"_blank\" rel=\"noreferrer noopener\">English Short stories<\/a><\/div>\n<\/div>\n<\/div>\n\n\n\n<div class=\"wp-block-column is-layout-flow wp-block-column-is-layout-flow\" style=\"flex-basis:66.66%\">\n<p style=\"margin-top:0;margin-right:0;margin-bottom:0;margin-left:0;padding-top:0;padding-right:0;padding-bottom:0;padding-left:0\">Denner agent generer forholdsvis korte tekster p\u00e5 engelsk med simple forst\u00e5elsessp\u00f8rgsm\u00e5l.<\/p>\n<\/div>\n<\/div>\n\n\n\n<hr class=\"wp-block-separator has-alpha-channel-opacity is-style-wide\"\/>\n\n\n\n<div class=\"wp-block-columns is-layout-flex wp-container-core-columns-is-layout-28f84493 wp-block-columns-is-layout-flex\">\n<div class=\"wp-block-column is-layout-flow wp-block-column-is-layout-flow\" style=\"flex-basis:33.33%\">\n<div class=\"wp-block-buttons is-layout-flex wp-block-buttons-is-layout-flex\">\n<div class=\"wp-block-button\"><a class=\"wp-block-button__link wp-element-button\" href=\"https:\/\/chatgpt.com\/g\/g-dYya1bvXR-naturfag-korte-tekster\" target=\"_blank\" rel=\"noreferrer noopener\">Naturfag korte tekster<\/a><\/div>\n<\/div>\n<\/div>\n\n\n\n<div class=\"wp-block-column is-layout-flow wp-block-column-is-layout-flow\" style=\"flex-basis:66.66%\">\n<p style=\"margin-top:0;margin-right:0;margin-bottom:0;margin-left:0\">Denne agent genererer korte naturfaglige tekster med simple forst\u00e5elsessp\u00f8rgsm\u00e5l.<\/p>\n<\/div>\n<\/div>\n\n\n\n<hr class=\"wp-block-separator has-alpha-channel-opacity is-style-wide\"\/>\n\n\n\n<div class=\"wp-block-columns is-layout-flex wp-container-core-columns-is-layout-28f84493 wp-block-columns-is-layout-flex\">\n<div class=\"wp-block-column is-layout-flow wp-block-column-is-layout-flow\" style=\"flex-basis:33.33%\">\n<div class=\"wp-block-buttons is-layout-flex wp-block-buttons-is-layout-flex\">\n<div class=\"wp-block-button\"><a class=\"wp-block-button__link wp-element-button\" href=\"https:\/\/chatgpt.com\/g\/g-Uotot9cTF-naturfagsemner-7-klasse\" target=\"_blank\" rel=\"noreferrer noopener\">Naturfag 7 klasse<\/a><\/div>\n<\/div>\n<\/div>\n\n\n\n<div class=\"wp-block-column is-layout-flow wp-block-column-is-layout-flow\" style=\"flex-basis:66.66%\">\n<p style=\"margin-top:0;margin-right:0;margin-bottom:0;margin-left:0\">Denne agent er af samme type som ovenst\u00e5ende, men er her rettet mod elever i 7 klasse.<\/p>\n<\/div>\n<\/div>\n\n\n\n<hr class=\"wp-block-separator has-alpha-channel-opacity is-style-wide\"\/>\n\n\n\n<div class=\"wp-block-columns is-layout-flex wp-container-core-columns-is-layout-28f84493 wp-block-columns-is-layout-flex\">\n<div class=\"wp-block-column is-layout-flow wp-block-column-is-layout-flow\" style=\"flex-basis:33.33%\">\n<div class=\"wp-block-buttons is-layout-flex wp-block-buttons-is-layout-flex\">\n<div class=\"wp-block-button\"><a class=\"wp-block-button__link wp-element-button\" href=\"https:\/\/chatgpt.com\/g\/g-RvdwZNapO-tekstforsimpler\" target=\"_blank\" rel=\"noreferrer noopener\">Tekst-forsimpler<\/a><\/div>\n<\/div>\n<\/div>\n\n\n\n<div class=\"wp-block-column is-layout-flow wp-block-column-is-layout-flow\" style=\"flex-basis:66.66%\">\n<p style=\"margin-top:0;margin-right:0;margin-bottom:0;margin-left:0\">Denne agent omskriver tekst, s\u00e5 den bliver rettet mod elever med ordblindhed. Agenten skriver f\u00f8rst en kompliceret tekst, som den efterf\u00f8lgende omskriver til en mere l\u00e6sevenlig tekst.<\/p>\n\n\n\n<hr class=\"wp-block-separator has-alpha-channel-opacity is-style-wide\"\/>\n<\/div>\n<\/div>\n\n\n\n<p><\/p>\n","protected":false},"excerpt":{"rendered":"<p>&#8220;AI-agenter&#8221; er chatbots, der har f\u00e5et en specifik instruktion, som de skal forholde sig til i dialogen med brugeren. Dette giver mulighed for, at man som bruger kan oprette og dele chatbots, der specifikt kan hj\u00e6lpe med at generere en \u00f8nsket tekst. Nedenst\u00e5ende er nogle eksempler p\u00e5 AI-Agenter rettet mod undervisere i folkeskolen. Bem\u00e6rk at [&hellip;]<\/p>\n","protected":false},"author":1,"featured_media":0,"parent":0,"menu_order":0,"comment_status":"closed","ping_status":"closed","template":"","meta":{"footnotes":""},"class_list":["post-572","page","type-page","status-publish","hentry"],"_links":{"self":[{"href":"https:\/\/itdidak.dk\/index.php\/wp-json\/wp\/v2\/pages\/572","targetHints":{"allow":["GET"]}}],"collection":[{"href":"https:\/\/itdidak.dk\/index.php\/wp-json\/wp\/v2\/pages"}],"about":[{"href":"https:\/\/itdidak.dk\/index.php\/wp-json\/wp\/v2\/types\/page"}],"author":[{"embeddable":true,"href":"https:\/\/itdidak.dk\/index.php\/wp-json\/wp\/v2\/users\/1"}],"replies":[{"embeddable":true,"href":"https:\/\/itdidak.dk\/index.php\/wp-json\/wp\/v2\/comments?post=572"}],"version-history":[{"count":22,"href":"https:\/\/itdidak.dk\/index.php\/wp-json\/wp\/v2\/pages\/572\/revisions"}],"predecessor-version":[{"id":605,"href":"https:\/\/itdidak.dk\/index.php\/wp-json\/wp\/v2\/pages\/572\/revisions\/605"}],"wp:attachment":[{"href":"https:\/\/itdidak.dk\/index.php\/wp-json\/wp\/v2\/media?parent=572"}],"curies":[{"name":"wp","href":"https:\/\/api.w.org\/{rel}","templated":true}]}}