{"id":49,"date":"2023-04-04T08:32:56","date_gmt":"2023-04-04T08:32:56","guid":{"rendered":"https:\/\/itdidak.dk\/?page_id=49"},"modified":"2023-09-24T09:35:53","modified_gmt":"2023-09-24T09:35:53","slug":"elev","status":"publish","type":"page","link":"https:\/\/itdidak.dk\/index.php\/elev\/","title":{"rendered":"Elevside"},"content":{"rendered":"\n<h1 class=\"wp-block-heading has-medium-font-size\">Vigtigt inden du starter!<\/h1>\n\n\n\n<div class=\"wp-block-columns is-layout-flex wp-container-core-columns-is-layout-28f84493 wp-block-columns-is-layout-flex\">\n<div class=\"wp-block-column is-layout-flow wp-block-column-is-layout-flow\" style=\"flex-basis:33.33%\">\n<figure class=\"wp-block-image size-full\"><img loading=\"lazy\" decoding=\"async\" width=\"994\" height=\"1003\" src=\"https:\/\/itdidak.dk\/wp-content\/uploads\/2023\/04\/Screenshot-2023-04-05-170747.png\" alt=\"\" class=\"wp-image-153\" srcset=\"https:\/\/itdidak.dk\/wp-content\/uploads\/2023\/04\/Screenshot-2023-04-05-170747.png 994w, https:\/\/itdidak.dk\/wp-content\/uploads\/2023\/04\/Screenshot-2023-04-05-170747-297x300.png 297w, https:\/\/itdidak.dk\/wp-content\/uploads\/2023\/04\/Screenshot-2023-04-05-170747-150x150.png 150w, https:\/\/itdidak.dk\/wp-content\/uploads\/2023\/04\/Screenshot-2023-04-05-170747-768x775.png 768w\" sizes=\"auto, (max-width: 994px) 100vw, 994px\" \/><\/figure>\n<\/div>\n\n\n\n<div class=\"wp-block-column is-layout-flow wp-block-column-is-layout-flow\" style=\"flex-basis:66.66%\">\n<ol class=\"wp-block-list\">\n<li class=\"has-small-font-size\">V\u00e6r kritisk n\u00e5r du snakker med sprogmodeller (chatbots). <br><\/li>\n\n\n\n<li class=\"has-small-font-size\">Del ikke ting som dit navn, f\u00f8dselsdag, telefonnummer, eller hvor du g\u00e5r i skole.<br><\/li>\n\n\n\n<li class=\"has-small-font-size\">En sprogmodel pr\u00f8ver at svare p\u00e5 det, du sp\u00f8rger om, men den ved ikke altid det rigtige svar. <br><\/li>\n\n\n\n<li class=\"has-small-font-size\">Selvom en sprogmodel kan lyde rigtig smart og menneskelig, er det bare en maskine. Brug den derfor aldrig til at s\u00f8ge personlige r\u00e5d. <\/li>\n<\/ol>\n<\/div>\n<\/div>\n\n\n\n<hr class=\"wp-block-separator has-alpha-channel-opacity is-style-wide\" style=\"margin-top:var(--wp--preset--spacing--30);margin-bottom:var(--wp--preset--spacing--30)\"\/>\n\n\n\n<h2 class=\"wp-block-heading has-medium-font-size\"><br>Sprogmodeller (ChatBot)<\/h2>\n\n\n\n<p class=\"has-small-font-size\">Pr\u00f8v sprogmodellen ChatGPT 3.5, men husk at du ikke m\u00e5 skrive personlige oplysninger! Der kan godt g\u00e5 op til 30 sekunder f\u00f8r svaret er klar.<br><\/p>\n\n\n<p>[mwai_chatbot_v2 text_input_placeholder=&#8221;Skriv din besked&#8221; start_sentence=&#8221;Hej jeg er en generativ sprogmodel der lave tekst, hvordan kan jeg hj\u00e6lpe dig?&#8221; context=&#8221;Converse as if you were an AI teacher. Be friendly, creative, helpfull, always remind the user that you are a chatbot and in no way human when answering, you answer should be simple and easily understandable for an 6th grader, please answer only in danish unless told otherwise&#8221;]<\/p>\n\n\n\n<h2 class=\"wp-block-heading has-medium-font-size\"><br><br>Andre sprogmodeller<\/h2>\n\n\n\n<p>Andre arbejder ogs\u00e5 p\u00e5 at udvikle sprogmodeller som kan skabe og &#8220;forst\u00e5&#8221; menneskelig tekst, fx Meta (Facebook), Apple og Amazon. Andre som <a href=\"https:\/\/www.eleuther.ai\/\" data-type=\"URL\" data-id=\"https:\/\/www.eleuther.ai\/\">EleuterAI <\/a>og <a href=\"https:\/\/www.anthropic.com\/\">Anthropic <\/a>har til form\u00e5l at udbrede teknologien, men ikke n\u00f8dvendigvis for at tjene penge. Der bliver ogs\u00e5 udviklet sprogmodeller i&nbsp;<a href=\"https:\/\/ec.europa.eu\/info\/funding-tenders\/opportunities\/portal\/screen\/opportunities\/topic-details\/horizon-cl4-2023-human-01-03\" data-type=\"URL\" data-id=\"https:\/\/ec.europa.eu\/info\/funding-tenders\/opportunities\/portal\/screen\/opportunities\/topic-details\/horizon-cl4-2023-human-01-03\">EU<\/a>,&nbsp;der bygger p\u00e5 europ\u00e6iske v\u00e6rdier og etiske regler. Lande som Kina og Rusland udvikler deres egne sprogmodeller for ikke at v\u00e6re underlagt amerikanske firmaer.&nbsp;Der er ogs\u00e5 danskere, der pr\u00f8ver at&nbsp;<a href=\"https:\/\/huggingface.co\/Maltehb\/aelaectra-danish-electra-small-cased\">udvikle&nbsp;<\/a>sprogmodeller med en&nbsp;<a href=\"https:\/\/gigaword.dk\/\">samling af tekster p\u00e5 dansk&nbsp;<\/a>til at tr\u00e6ne sprogmodeller i det danske sprog.<\/p>\n\n\n\n<hr class=\"wp-block-separator has-alpha-channel-opacity\" style=\"margin-top:var(--wp--preset--spacing--30);margin-bottom:var(--wp--preset--spacing--30)\"\/>\n\n\n\n<h2 class=\"wp-block-heading has-medium-font-size\"><br>Baggrundsinfo<\/h2>\n\n\n\n<p class=\"has-small-font-size\">Sprogmodeller er som store bogreoler fyldt med ord. De kigger p\u00e5 mange b\u00f8ger og tekster for at l\u00e6re sprog. De t\u00e6ller, hvor ofte ord st\u00e5r sammen, og g\u00e6tter, hvilket ord der kommer n\u00e6ste gang. For eksempel, hvis du siger: &#8220;jeg kan godt lide at spise ____&#8221;, vil den fx g\u00e6tte, om det n\u00e6ste ord er &#8216;broccoli&#8217;, &#8216;pizza&#8217;, &#8216;sten&#8217; eller &#8216;slik&#8217;. Fordi de har set mange tekster om mad, vil den m\u00e5ske g\u00e6tte &#8216;pizza&#8217; eller &#8216;slik&#8217; oftere end &#8216;sten&#8217;.&nbsp;<\/p>\n\n\n\n<p class=\"has-small-font-size\">ChatBots giver kun svar, de tror er rigtige, ud fra det, den har set f\u00f8r. Den l\u00e6rer fra internettet og b\u00f8ger, men den husker ikke teksterne. Den husker kun, hvor ofte ord er sammen. De mennesker, der tr\u00e6ner sprogmodeller, bestemmer hvad de l\u00e6ser og p\u00e5virker derfor, hvad de kan svare.<\/p>\n\n\n\n<p class=\"has-small-font-size\">Nogle gange kan en sprogmodeller derfor svare d\u00e5rligt, hvis den l\u00e6rer fra d\u00e5rlige tekster. Den kan skrive sexistiske eller racistiske ting, hvis det er s\u00e5danne tekster, den har har l\u00e6st. Derfor skal man v\u00e6re forsigtig med at stole p\u00e5, hvad den skriver.<\/p>\n\n\n\n<p class=\"has-small-font-size\">Firmaer, der laver sprogmodeller, vil gerne tjene penge. Nogle s\u00e6lger adgang til deres sprogmodeller, mens andre giver &#8220;gratis&#8221; adgang. De firmaer tjener ofte penge p\u00e5 at s\u00e6lge dine oplysninger til andre firmaer. Disse firmaer bruger s\u00e5 dine oplysninger til at lave reklamer rettet mod dig. Du skal derfor v\u00e6re opm\u00e6rksom p\u00e5, hvad firmaerne g\u00f8r med dine oplysninger, og hvilke oplysninger du giver dem.<\/p>\n\n\n\n<hr class=\"wp-block-separator has-alpha-channel-opacity\" style=\"margin-top:var(--wp--preset--spacing--30);margin-bottom:var(--wp--preset--spacing--30)\"\/>\n\n\n\n<h2 class=\"wp-block-heading has-medium-font-size\"><br>Eksempler p\u00e5 Sprogmodeller (ChatBots)<\/h2>\n\n\n\n<div class=\"wp-block-columns is-layout-flex wp-container-core-columns-is-layout-28f84493 wp-block-columns-is-layout-flex\">\n<div class=\"wp-block-column is-vertically-aligned-center is-layout-flow wp-block-column-is-layout-flow\" style=\"flex-basis:33.33%\">\n<figure class=\"wp-block-image aligncenter size-thumbnail is-resized\"><a href=\"https:\/\/chat.openai.com\/\"><img loading=\"lazy\" decoding=\"async\" src=\"https:\/\/itdidak.dk\/wp-content\/uploads\/2023\/04\/openai_logo-150x150.png\" alt=\"\" class=\"wp-image-171\" style=\"width:75px;height:75px\" width=\"75\" height=\"75\"\/><\/a><\/figure>\n<\/div>\n\n\n\n<div class=\"wp-block-column is-layout-flow wp-block-column-is-layout-flow\" style=\"flex-basis:66.66%\">\n<p class=\"has-small-font-size\"><a href=\"http:\/\/chat.openai.com\" data-type=\"URL\" data-id=\"chat.openai.com\">ChatGPT 3.5\/4.0<\/a> fra openAI, er idag den mest udbredte sprogmodel og bruges som sprogmodel i mange af de ChatBot-apps, der findes p\u00e5 telefonen og p\u00e5 computeren.<\/p>\n<\/div>\n<\/div>\n\n\n\n<div class=\"wp-block-columns is-layout-flex wp-container-core-columns-is-layout-28f84493 wp-block-columns-is-layout-flex\">\n<div class=\"wp-block-column is-vertically-aligned-center is-layout-flow wp-block-column-is-layout-flow\" style=\"flex-basis:33.33%\">\n<figure class=\"wp-block-image aligncenter size-thumbnail is-resized\"><a href=\"https:\/\/chat.bing.com\/\"><img loading=\"lazy\" decoding=\"async\" src=\"https:\/\/itdidak.dk\/wp-content\/uploads\/2023\/04\/bing_logo-150x150.png\" alt=\"\" class=\"wp-image-172\" style=\"width:75px;height:75px\" width=\"75\" height=\"75\"\/><\/a><\/figure>\n<\/div>\n\n\n\n<div class=\"wp-block-column is-layout-flow wp-block-column-is-layout-flow\" style=\"flex-basis:66.66%\">\n<p class=\"has-small-font-size\"><a href=\"http:\/\/chat.bing.com\">BingAI-Chat<\/a> er et v\u00e6rkt\u00f8j, som Microsoft har skabt. V\u00e6rkt\u00f8jet benytter sprogmodellen ChatGPT til at hj\u00e6lpe brugerne. Bing-Chat er integreret i Microsofts s\u00f8gemaskine, hvilket betyder, at den kan finde og bruge information fra internettet, n\u00e5r den skaber tekster. Desuden arbejder Microsoft p\u00e5 at indarbejde ChatGPT-funktionerne i Office-pakken, s\u00e5 det kan bruges sammen med programmer som Word og Excel.<\/p>\n<\/div>\n<\/div>\n\n\n\n<div class=\"wp-block-columns is-layout-flex wp-container-core-columns-is-layout-28f84493 wp-block-columns-is-layout-flex\">\n<div class=\"wp-block-column is-vertically-aligned-center is-layout-flow wp-block-column-is-layout-flow\" style=\"flex-basis:33.33%\">\n<figure class=\"wp-block-image aligncenter size-thumbnail is-resized\"><a href=\"https:\/\/bard.google.com\/\"><img loading=\"lazy\" decoding=\"async\" src=\"https:\/\/itdidak.dk\/wp-content\/uploads\/2023\/04\/google_logo-150x150.png\" alt=\"\" class=\"wp-image-173\" style=\"width:75px;height:75px\" width=\"75\" height=\"75\"\/><\/a><\/figure>\n<\/div>\n\n\n\n<div class=\"wp-block-column is-layout-flow wp-block-column-is-layout-flow\" style=\"flex-basis:66.66%\">\n<p class=\"has-small-font-size\">Google har ogs\u00e5 deres egen sprogmodel LaMDA og deres ChatBot Bard. <strong>Den er endnu ikke tilg\u00e6ngelige i Danmark<\/strong>,&nbsp;men bliver ogs\u00e5 en del af Googles s\u00f8gemaskine og andre programmer som fx Docs, Drev, Slides, Mail. <\/p>\n<\/div>\n<\/div>\n","protected":false},"excerpt":{"rendered":"<p>Vigtigt inden du starter! Sprogmodeller (ChatBot) Pr\u00f8v sprogmodellen ChatGPT 3.5, men husk at du ikke m\u00e5 skrive personlige oplysninger! Der kan godt g\u00e5 op til 30 sekunder f\u00f8r svaret er klar. Andre sprogmodeller Andre arbejder ogs\u00e5 p\u00e5 at udvikle sprogmodeller som kan skabe og &#8220;forst\u00e5&#8221; menneskelig tekst, fx Meta (Facebook), Apple og Amazon. Andre som [&hellip;]<\/p>\n","protected":false},"author":1,"featured_media":0,"parent":0,"menu_order":0,"comment_status":"closed","ping_status":"closed","template":"blank","meta":{"footnotes":""},"class_list":["post-49","page","type-page","status-publish","hentry"],"_links":{"self":[{"href":"https:\/\/itdidak.dk\/index.php\/wp-json\/wp\/v2\/pages\/49","targetHints":{"allow":["GET"]}}],"collection":[{"href":"https:\/\/itdidak.dk\/index.php\/wp-json\/wp\/v2\/pages"}],"about":[{"href":"https:\/\/itdidak.dk\/index.php\/wp-json\/wp\/v2\/types\/page"}],"author":[{"embeddable":true,"href":"https:\/\/itdidak.dk\/index.php\/wp-json\/wp\/v2\/users\/1"}],"replies":[{"embeddable":true,"href":"https:\/\/itdidak.dk\/index.php\/wp-json\/wp\/v2\/comments?post=49"}],"version-history":[{"count":41,"href":"https:\/\/itdidak.dk\/index.php\/wp-json\/wp\/v2\/pages\/49\/revisions"}],"predecessor-version":[{"id":544,"href":"https:\/\/itdidak.dk\/index.php\/wp-json\/wp\/v2\/pages\/49\/revisions\/544"}],"wp:attachment":[{"href":"https:\/\/itdidak.dk\/index.php\/wp-json\/wp\/v2\/media?parent=49"}],"curies":[{"name":"wp","href":"https:\/\/api.w.org\/{rel}","templated":true}]}}