{"id":45,"date":"2023-04-04T08:32:10","date_gmt":"2023-04-04T08:32:10","guid":{"rendered":"https:\/\/itdidak.dk\/?page_id=45"},"modified":"2023-06-01T06:14:45","modified_gmt":"2023-06-01T06:14:45","slug":"formater","status":"publish","type":"page","link":"https:\/\/itdidak.dk\/index.php\/formater\/","title":{"rendered":"Formater"},"content":{"rendered":"\n<h2 class=\"wp-block-heading has-medium-font-size\">P\u00e6dagogiske formater<\/h2>\n\n\n\n<p class=\"has-small-font-size\">Her er eksempler p\u00e5 en r\u00e6kke af p\u00e6dagogiske formater, der er blevet udviklet i samarbejde med undervisere i grundskolen. <br><br>Disse p\u00e6dagogiske formater er t\u00e6nkt som et grundrids til undervisningsplanl\u00e6gning, og de kan fungere som inspiration og overblik til, hvordan man kan arbejde emancipatorisk kritisk-konstruktivt med forskellige problemstillinger, der alle tager afs\u00e6t i undervisning om og med generative sprogmodeller.<br><br>Problemstillingerne er udarbejdet med afs\u00e6t i <a rel=\"noreferrer noopener\" href=\"https:\/\/it-torvet.dk\/2023\/02\/vi-maa-vaek-fra-instrumentelle-videnssyn-og-teknologiforstaaelser\/\" target=\"_blank\">artikel<\/a> af p.hd og uddannelsesforsker Mikala Hansb\u00f8l.<\/p>\n\n\n\n<figure class=\"wp-block-image size-full\"><img loading=\"lazy\" decoding=\"async\" width=\"913\" height=\"643\" src=\"https:\/\/itdidak.dk\/wp-content\/uploads\/2023\/05\/paed_form-1.png\" alt=\"\" class=\"wp-image-403\" srcset=\"https:\/\/itdidak.dk\/wp-content\/uploads\/2023\/05\/paed_form-1.png 913w, https:\/\/itdidak.dk\/wp-content\/uploads\/2023\/05\/paed_form-1-300x211.png 300w, https:\/\/itdidak.dk\/wp-content\/uploads\/2023\/05\/paed_form-1-768x541.png 768w\" sizes=\"auto, (max-width: 913px) 100vw, 913px\" \/><\/figure>\n\n\n\n<div class=\"wp-block-group is-nowrap is-layout-flex wp-container-core-group-is-layout-b5aa8a3f wp-block-group-is-layout-flex\" style=\"padding-top:10px;padding-right:10px;padding-bottom:10px;padding-left:10px\">\n<p class=\"has-small-font-size\" style=\"padding-top:0;padding-right:0;padding-bottom:0;padding-left:0\"><strong><a href=\"https:\/\/itdidak.dk\/wp-content\/uploads\/2023\/05\/Sprogmodeller-som-forretningsmodeller-vers-2.0.pdf\" data-type=\"attachment\" data-id=\"461\" target=\"_blank\" rel=\"noreferrer noopener\">Sprogmodeller som forretningsmodeller<\/a><\/strong><br>Hvordan tjener firmaerne bag de generative sprogmodeller penge, og hvordan kan eleverne arbejde med at forst\u00e5, at de ogs\u00e5 er et produkt?<\/p>\n<\/div>\n\n\n\n<div class=\"wp-block-group is-nowrap is-layout-flex wp-container-core-group-is-layout-35273ab2 wp-block-group-is-layout-flex\" style=\"padding-top:10px;padding-right:10px;padding-bottom:10px;padding-left:10px\">\n<p class=\"has-small-font-size\"><strong><strong><a href=\"https:\/\/itdidak.dk\/wp-content\/uploads\/2023\/05\/Privatlivets-fred-vers-2.0.pdf\" data-type=\"attachment\" data-id=\"460\" target=\"_blank\" rel=\"noreferrer noopener\">Privatlivets fred<\/a><\/strong><\/strong><br>Hvordan kan man begrebsligg\u00f8re privatlivspolitikken og konsekvensen heraf for eleverne?<\/p>\n<\/div>\n\n\n\n<div class=\"wp-block-group is-nowrap is-layout-flex wp-container-core-group-is-layout-b5aa8a3f wp-block-group-is-layout-flex\" style=\"padding-top:10px;padding-right:10px;padding-bottom:10px;padding-left:10px\">\n<p class=\"has-small-font-size\"><strong><a href=\"https:\/\/itdidak.dk\/wp-content\/uploads\/2023\/05\/Demokratiet-i-problemer-vers-2.0.pdf\" data-type=\"attachment\" data-id=\"456\" target=\"_blank\" rel=\"noreferrer noopener\">Demokratiet i problemer<\/a><\/strong><br>Hvilke udfordringer vil sprogmodeller potentielt give for demokratiet, og hvordan kan vi ruste os og eleverne imod det?<\/p>\n<\/div>\n\n\n\n<div class=\"wp-block-group is-nowrap is-layout-flex wp-container-core-group-is-layout-b5aa8a3f wp-block-group-is-layout-flex\" style=\"padding-top:10px;padding-right:10px;padding-bottom:10px;padding-left:10px\">\n<p class=\"has-small-font-size\"><strong><a href=\"https:\/\/itdidak.dk\/wp-content\/uploads\/2023\/05\/Menneskeliggoerelse-af-teknologi-vers-2.0.pdf\" data-type=\"attachment\" data-id=\"459\" target=\"_blank\" rel=\"noreferrer noopener\">Menneskeligg\u00f8relse af teknologi<\/a><\/strong><br>Hvordan kan eleverne blive opm\u00e6rksom p\u00e5, at deres anvendelse af sprog p\u00e5virker deres forst\u00e5else af og indstilling til teknologien?<\/p>\n<\/div>\n\n\n\n<div class=\"wp-block-group is-nowrap is-layout-flex wp-container-core-group-is-layout-b5aa8a3f wp-block-group-is-layout-flex\" style=\"padding-top:10px;padding-right:10px;padding-bottom:10px;padding-left:10px\">\n<p class=\"has-small-font-size\"><strong><strong><a href=\"https:\/\/itdidak.dk\/wp-content\/uploads\/2023\/05\/Stokastiske-papegoejer-vers.-2.0.pdf\" data-type=\"attachment\" data-id=\"462\" target=\"_blank\" rel=\"noreferrer noopener\">Stokastiske papeg\u00f8jer<\/a><\/strong><\/strong><br>Hvordan kan eleverne g\u00f8res opm\u00e6rksom p\u00e5, hvordan sprogmodeller i virkeligheden fremstiller tekst uden refleksion eller intentionalitet?<\/p>\n<\/div>\n\n\n\n<div class=\"wp-block-group is-nowrap is-layout-flex wp-container-core-group-is-layout-b5aa8a3f wp-block-group-is-layout-flex\" style=\"padding-top:10px;padding-right:10px;padding-bottom:10px;padding-left:10px\">\n<p class=\"has-small-font-size\"><strong><a href=\"https:\/\/itdidak.dk\/wp-content\/uploads\/2023\/05\/Hvad-er-der-inde-i-den-sorte-kasse-vers-2.0.pdf\" data-type=\"attachment\" data-id=\"457\" target=\"_blank\" rel=\"noreferrer noopener\">Hvad er der inde i den sorte kasse?<\/a><\/strong><br>Hvordan kan vi l\u00e6re eleverne, hvordan en sprogmodel fungerer?<\/p>\n<\/div>\n\n\n\n<div class=\"wp-block-group is-nowrap is-layout-flex wp-container-core-group-is-layout-b5aa8a3f wp-block-group-is-layout-flex\" style=\"padding-top:10px;padding-right:10px;padding-bottom:10px;padding-left:10px\">\n<p class=\"has-small-font-size\"><strong><strong><a href=\"https:\/\/itdidak.dk\/wp-content\/uploads\/2023\/05\/Chatbots-og-AI-har-kaert-barn-mange-navne-vers-2.0.pdf\" data-type=\"attachment\" data-id=\"455\" target=\"_blank\" rel=\"noreferrer noopener\">ChatBots og AI \u2013 har k\u00e6rt barn mange navne?<\/a><\/strong><\/strong><br>Hvordan kan eleverne arbejde med at forst\u00e5, hvorfor sprogmodeller ikke kan siges at v\u00e6re en form for &#8220;\u00e6gte&#8221; kunstig intelligens?<\/p>\n<\/div>\n\n\n\n<div class=\"wp-block-group is-nowrap is-layout-flex wp-container-core-group-is-layout-b5aa8a3f wp-block-group-is-layout-flex\" style=\"padding-top:10px;padding-right:10px;padding-bottom:10px;padding-left:10px\">\n<p class=\"has-small-font-size\"><strong><a href=\"https:\/\/itdidak.dk\/wp-content\/uploads\/2023\/05\/Hvad-med-bias-vers.-2.0.pdf\" data-type=\"attachment\" data-id=\"458\" target=\"_blank\" rel=\"noreferrer noopener\">Hvad med bias?<\/a><\/strong><br>Hvordan kan eleverne arbejde med, hvordan sprogmodeller kan udtrykke en virkelighed, som kan v\u00e6re potentielt skadelig?<\/p>\n<\/div>\n\n\n\n<div class=\"wp-block-group is-nowrap is-layout-flex wp-container-core-group-is-layout-b5aa8a3f wp-block-group-is-layout-flex\" style=\"padding-top:10px;padding-right:10px;padding-bottom:10px;padding-left:10px\">\n<p class=\"has-small-font-size\"><strong><a href=\"https:\/\/itdidak.dk\/wp-content\/uploads\/2023\/05\/Graenser-for-taenkning.pdf\" target=\"_blank\" rel=\"noreferrer noopener\">Gr\u00e6nser for t\u00e6nkning<\/a><\/strong><br>Hvordan l\u00e6rer man eleverne om sprogmodellers begr\u00e6nsninger<\/p>\n<\/div>\n","protected":false},"excerpt":{"rendered":"<p>P\u00e6dagogiske formater Her er eksempler p\u00e5 en r\u00e6kke af p\u00e6dagogiske formater, der er blevet udviklet i samarbejde med undervisere i grundskolen. Disse p\u00e6dagogiske formater er t\u00e6nkt som et grundrids til undervisningsplanl\u00e6gning, og de kan fungere som inspiration og overblik til, hvordan man kan arbejde emancipatorisk kritisk-konstruktivt med forskellige problemstillinger, der alle tager afs\u00e6t i undervisning [&hellip;]<\/p>\n","protected":false},"author":1,"featured_media":0,"parent":0,"menu_order":0,"comment_status":"closed","ping_status":"closed","template":"","meta":{"footnotes":""},"class_list":["post-45","page","type-page","status-publish","hentry"],"_links":{"self":[{"href":"https:\/\/itdidak.dk\/index.php\/wp-json\/wp\/v2\/pages\/45","targetHints":{"allow":["GET"]}}],"collection":[{"href":"https:\/\/itdidak.dk\/index.php\/wp-json\/wp\/v2\/pages"}],"about":[{"href":"https:\/\/itdidak.dk\/index.php\/wp-json\/wp\/v2\/types\/page"}],"author":[{"embeddable":true,"href":"https:\/\/itdidak.dk\/index.php\/wp-json\/wp\/v2\/users\/1"}],"replies":[{"embeddable":true,"href":"https:\/\/itdidak.dk\/index.php\/wp-json\/wp\/v2\/comments?post=45"}],"version-history":[{"count":33,"href":"https:\/\/itdidak.dk\/index.php\/wp-json\/wp\/v2\/pages\/45\/revisions"}],"predecessor-version":[{"id":513,"href":"https:\/\/itdidak.dk\/index.php\/wp-json\/wp\/v2\/pages\/45\/revisions\/513"}],"wp:attachment":[{"href":"https:\/\/itdidak.dk\/index.php\/wp-json\/wp\/v2\/media?parent=45"}],"curies":[{"name":"wp","href":"https:\/\/api.w.org\/{rel}","templated":true}]}}