{"id":43,"date":"2023-04-04T08:31:56","date_gmt":"2023-04-04T08:31:56","guid":{"rendered":"https:\/\/itdidak.dk\/?page_id=43"},"modified":"2023-05-30T12:26:59","modified_gmt":"2023-05-30T12:26:59","slug":"guides","status":"publish","type":"page","link":"https:\/\/itdidak.dk\/index.php\/guides\/","title":{"rendered":"Guides"},"content":{"rendered":"\n<h2 class=\"wp-block-heading has-medium-font-size\">Vejledninger og videoguides<\/h2>\n\n\n\n<p class=\"has-small-font-size\">Her finder du vejledninger og videoguides til at komme i gang med at anvende generative sprogmodeller. Alle vejledninger er udarbejdet af os og m\u00e5 frit anvendes.<\/p>\n\n\n\n<h2 class=\"wp-block-heading has-medium-font-size\">Videoguides<\/h2>\n\n\n\n<figure class=\"wp-block-embed is-type-video is-provider-youtube wp-block-embed-youtube wp-embed-aspect-16-9 wp-has-aspect-ratio\"><div class=\"wp-block-embed__wrapper\">\n<iframe loading=\"lazy\" title=\"Kom i gang med chatgpt\" width=\"500\" height=\"281\" src=\"https:\/\/www.youtube.com\/embed\/GCfUBznUdxE?feature=oembed\" frameborder=\"0\" allow=\"accelerometer; autoplay; clipboard-write; encrypted-media; gyroscope; picture-in-picture; web-share\" referrerpolicy=\"strict-origin-when-cross-origin\" allowfullscreen><\/iframe>\n<\/div><figcaption class=\"wp-element-caption\">Kom i gang med at anvende ChatGPT<\/figcaption><\/figure>\n\n\n\n<figure class=\"wp-block-embed is-type-video is-provider-youtube wp-block-embed-youtube wp-embed-aspect-16-9 wp-has-aspect-ratio\"><div class=\"wp-block-embed__wrapper\">\n<iframe loading=\"lazy\" title=\"Begr\u00e6nsninger i sprogmodeller (ChatGPT 4.0)\" width=\"500\" height=\"281\" src=\"https:\/\/www.youtube.com\/embed\/UrdvbOKnX0M?feature=oembed\" frameborder=\"0\" allow=\"accelerometer; autoplay; clipboard-write; encrypted-media; gyroscope; picture-in-picture; web-share\" referrerpolicy=\"strict-origin-when-cross-origin\" allowfullscreen><\/iframe>\n<\/div><figcaption class=\"wp-element-caption\">Begr\u00e6nsninger i sprogmodeller (ChatGPT 4.0)<\/figcaption><\/figure>\n\n\n\n<figure class=\"wp-block-embed is-type-video is-provider-youtube wp-block-embed-youtube wp-embed-aspect-16-9 wp-has-aspect-ratio\"><div class=\"wp-block-embed__wrapper\">\n<iframe loading=\"lazy\" title=\"Udkast til undervisningsforl\u00f8b lavet med ChatGPT 4.0\" width=\"500\" height=\"281\" src=\"https:\/\/www.youtube.com\/embed\/Eh5PxKcvY94?feature=oembed\" frameborder=\"0\" allow=\"accelerometer; autoplay; clipboard-write; encrypted-media; gyroscope; picture-in-picture; web-share\" referrerpolicy=\"strict-origin-when-cross-origin\" allowfullscreen><\/iframe>\n<\/div><figcaption class=\"wp-element-caption\">Planl\u00e6gning af uv-forl\u00f8b med ChatGPT <\/figcaption><\/figure>\n\n\n\n<figure class=\"wp-block-embed is-type-video is-provider-youtube wp-block-embed-youtube wp-embed-aspect-16-9 wp-has-aspect-ratio\"><div class=\"wp-block-embed__wrapper\">\n<iframe loading=\"lazy\" title=\"Fremstilling af simpel overs\u00e6ttelsesopgave med ChatGPT\" width=\"500\" height=\"281\" src=\"https:\/\/www.youtube.com\/embed\/-LbX_NZVcrg?feature=oembed\" frameborder=\"0\" allow=\"accelerometer; autoplay; clipboard-write; encrypted-media; gyroscope; picture-in-picture; web-share\" referrerpolicy=\"strict-origin-when-cross-origin\" allowfullscreen><\/iframe>\n<\/div><figcaption class=\"wp-element-caption\">Fremstilling af overs\u00e6ttelsesopgave i tysk (uv-materiale)<\/figcaption><\/figure>\n\n\n\n<figure class=\"wp-block-embed is-type-video is-provider-youtube wp-block-embed-youtube wp-embed-aspect-16-9 wp-has-aspect-ratio\"><div class=\"wp-block-embed__wrapper\">\n<iframe loading=\"lazy\" title=\"L\u00f8sning af pr\u00f8veopl\u00e6g med ChatGPT 3.5\" width=\"500\" height=\"281\" src=\"https:\/\/www.youtube.com\/embed\/9ys9g6zg3N8?feature=oembed\" frameborder=\"0\" allow=\"accelerometer; autoplay; clipboard-write; encrypted-media; gyroscope; picture-in-picture; web-share\" referrerpolicy=\"strict-origin-when-cross-origin\" allowfullscreen><\/iframe>\n<\/div><figcaption class=\"wp-element-caption\">L\u00f8sning af pr\u00f8veopl\u00e6g p\u00e5 tysk (ChatGPT 3.5)<\/figcaption><\/figure>\n\n\n\n<figure class=\"wp-block-embed is-type-video is-provider-youtube wp-block-embed-youtube wp-embed-aspect-16-9 wp-has-aspect-ratio\"><div class=\"wp-block-embed__wrapper\">\n<iframe loading=\"lazy\" title=\"Fremstilling af fri tekst med sprogmodeller (ChatGPT 4.0)\" width=\"500\" height=\"281\" src=\"https:\/\/www.youtube.com\/embed\/asN0ia8_Nag?feature=oembed\" frameborder=\"0\" allow=\"accelerometer; autoplay; clipboard-write; encrypted-media; gyroscope; picture-in-picture; web-share\" referrerpolicy=\"strict-origin-when-cross-origin\" allowfullscreen><\/iframe>\n<\/div><figcaption class=\"wp-element-caption\">Fremstilling af tekst p\u00e5 dansk og tysk <\/figcaption><\/figure>\n\n\n\n<figure class=\"wp-block-embed is-type-video is-provider-youtube wp-block-embed-youtube wp-embed-aspect-16-9 wp-has-aspect-ratio\"><div class=\"wp-block-embed__wrapper\">\n<iframe loading=\"lazy\" title=\"Snyd med sprogmodeller\" width=\"500\" height=\"281\" src=\"https:\/\/www.youtube.com\/embed\/oev2oIZDmuE?feature=oembed\" frameborder=\"0\" allow=\"accelerometer; autoplay; clipboard-write; encrypted-media; gyroscope; picture-in-picture; web-share\" referrerpolicy=\"strict-origin-when-cross-origin\" allowfullscreen><\/iframe>\n<\/div><figcaption class=\"wp-element-caption\">S\u00e5dan opdager man anvendelse af sprogmodeller<\/figcaption><\/figure>\n\n\n\n<figure class=\"wp-block-embed is-type-video is-provider-youtube wp-block-embed-youtube wp-embed-aspect-16-9 wp-has-aspect-ratio\"><div class=\"wp-block-embed__wrapper\">\n<iframe loading=\"lazy\" title=\"workshop om kunstig intelligens\" width=\"500\" height=\"281\" src=\"https:\/\/www.youtube.com\/embed\/J_YPU_K00VQ?feature=oembed\" frameborder=\"0\" allow=\"accelerometer; autoplay; clipboard-write; encrypted-media; gyroscope; picture-in-picture; web-share\" referrerpolicy=\"strict-origin-when-cross-origin\" allowfullscreen><\/iframe>\n<\/div><figcaption class=\"wp-element-caption\">Workshop om kunstig intelligens<\/figcaption><\/figure>\n\n\n\n<h2 class=\"wp-block-heading has-medium-font-size\">Tekstguides<\/h2>\n\n\n\n<div class=\"wp-block-group is-nowrap is-layout-flex wp-container-core-group-is-layout-6c531013 wp-block-group-is-layout-flex\">\n<figure class=\"wp-block-image size-full is-resized\"><img loading=\"lazy\" decoding=\"async\" src=\"https:\/\/itdidak.dk\/wp-content\/uploads\/2023\/04\/pdf_image_link-e1680694920321.png\" alt=\"\" class=\"wp-image-123\" width=\"100\" height=\"100\" srcset=\"https:\/\/itdidak.dk\/wp-content\/uploads\/2023\/04\/pdf_image_link-e1680694920321.png 250w, https:\/\/itdidak.dk\/wp-content\/uploads\/2023\/04\/pdf_image_link-e1680694920321-150x150.png 150w\" sizes=\"auto, (max-width: 100px) 100vw, 100px\" \/><\/figure>\n\n\n\n<p class=\"has-small-font-size\">PowerPoint &#8211; <a href=\"https:\/\/itdidak.dk\/wp-content\/uploads\/2023\/04\/Kunstig-intelligens-konsekvenser-og-muligheder-V2.pdf\" data-type=\"attachment\" data-id=\"309\" target=\"_blank\" rel=\"noreferrer noopener\">Fra Workshop d. 22 marts <\/a> <\/p>\n<\/div>\n\n\n\n<div class=\"wp-block-group is-nowrap is-layout-flex wp-container-core-group-is-layout-6c531013 wp-block-group-is-layout-flex\">\n<figure class=\"wp-block-image size-full is-resized\"><img loading=\"lazy\" decoding=\"async\" src=\"https:\/\/itdidak.dk\/wp-content\/uploads\/2023\/04\/pdf_image_link-e1680694920321.png\" alt=\"\" class=\"wp-image-123\" width=\"100\" height=\"100\" srcset=\"https:\/\/itdidak.dk\/wp-content\/uploads\/2023\/04\/pdf_image_link-e1680694920321.png 250w, https:\/\/itdidak.dk\/wp-content\/uploads\/2023\/04\/pdf_image_link-e1680694920321-150x150.png 150w\" sizes=\"auto, (max-width: 100px) 100vw, 100px\" \/><\/figure>\n\n\n\n<p class=\"has-small-font-size\">Tekstguide &#8211; <a href=\"https:\/\/itdidak.dk\/wp-content\/uploads\/2023\/05\/Saadan-kommer-du-i-gang-med-sprogmodeller.pdf\" data-type=\"attachment\" data-id=\"449\" target=\"_blank\" rel=\"noreferrer noopener\">Kom i gang med sprogmodeller<\/a> <\/p>\n<\/div>\n\n\n\n<div class=\"wp-block-group is-nowrap is-layout-flex wp-container-core-group-is-layout-6c531013 wp-block-group-is-layout-flex\">\n<figure class=\"wp-block-image size-full is-resized\"><img loading=\"lazy\" decoding=\"async\" src=\"https:\/\/itdidak.dk\/wp-content\/uploads\/2023\/04\/pdf_image_link-e1680694920321.png\" alt=\"\" class=\"wp-image-123\" width=\"100\" height=\"100\" srcset=\"https:\/\/itdidak.dk\/wp-content\/uploads\/2023\/04\/pdf_image_link-e1680694920321.png 250w, https:\/\/itdidak.dk\/wp-content\/uploads\/2023\/04\/pdf_image_link-e1680694920321-150x150.png 150w\" sizes=\"auto, (max-width: 100px) 100vw, 100px\" \/><\/figure>\n\n\n\n<p class=\"has-small-font-size\">Tekstguide &#8211; <a href=\"https:\/\/itdidak.dk\/wp-content\/uploads\/2023\/05\/Saadan-bruger-du-ChatGPT-til-at-brainstorme-problemstilllinger-til-proeven.pdf\" data-type=\"attachment\" data-id=\"453\" target=\"_blank\" rel=\"noreferrer noopener\">Brug ChatGPT til at brainstorme problemstllinger<\/a><\/p>\n<\/div>\n\n\n\n<div class=\"wp-block-group is-nowrap is-layout-flex wp-container-core-group-is-layout-6c531013 wp-block-group-is-layout-flex\">\n<figure class=\"wp-block-image size-full is-resized\"><img loading=\"lazy\" decoding=\"async\" src=\"https:\/\/itdidak.dk\/wp-content\/uploads\/2023\/04\/pdf_image_link-e1680694920321.png\" alt=\"\" class=\"wp-image-123\" width=\"100\" height=\"100\" srcset=\"https:\/\/itdidak.dk\/wp-content\/uploads\/2023\/04\/pdf_image_link-e1680694920321.png 250w, https:\/\/itdidak.dk\/wp-content\/uploads\/2023\/04\/pdf_image_link-e1680694920321-150x150.png 150w\" sizes=\"auto, (max-width: 100px) 100vw, 100px\" \/><\/figure>\n\n\n\n<p class=\"has-small-font-size\">Tekstguide &#8211; <a href=\"https:\/\/itdidak.dk\/wp-content\/uploads\/2023\/05\/Saadan-laver-man-en-hurtig-oversaetelsesopgave.pdf\" data-type=\"attachment\" data-id=\"452\" target=\"_blank\" rel=\"noreferrer noopener\">S\u00e5dan laver man en hurtig overs\u00e6telsesopgave<\/a> <\/p>\n<\/div>\n\n\n\n<div class=\"wp-block-group is-nowrap is-layout-flex wp-container-core-group-is-layout-6c531013 wp-block-group-is-layout-flex\">\n<figure class=\"wp-block-image size-full is-resized\"><img loading=\"lazy\" decoding=\"async\" src=\"https:\/\/itdidak.dk\/wp-content\/uploads\/2023\/04\/pdf_image_link-e1680694920321.png\" alt=\"\" class=\"wp-image-123\" width=\"100\" height=\"100\" srcset=\"https:\/\/itdidak.dk\/wp-content\/uploads\/2023\/04\/pdf_image_link-e1680694920321.png 250w, https:\/\/itdidak.dk\/wp-content\/uploads\/2023\/04\/pdf_image_link-e1680694920321-150x150.png 150w\" sizes=\"auto, (max-width: 100px) 100vw, 100px\" \/><\/figure>\n\n\n\n<p class=\"has-small-font-size\">Tekstguide &#8211; <a href=\"https:\/\/itdidak.dk\/wp-content\/uploads\/2023\/05\/Saadan-laver-man-en-tekst-med-forstaaelsesspoergsmaal.pdf\" data-type=\"attachment\" data-id=\"451\" target=\"_blank\" rel=\"noreferrer noopener\">S\u00e5dan laver man en tekst med forst\u00e5elsessp\u00f8rgsm\u00e5l<\/a><\/p>\n<\/div>\n\n\n\n<div class=\"wp-block-group is-nowrap is-layout-flex wp-container-core-group-is-layout-6c531013 wp-block-group-is-layout-flex\">\n<figure class=\"wp-block-image size-full is-resized\"><img loading=\"lazy\" decoding=\"async\" src=\"https:\/\/itdidak.dk\/wp-content\/uploads\/2023\/04\/pdf_image_link-e1680694920321.png\" alt=\"\" class=\"wp-image-123\" width=\"100\" height=\"100\" srcset=\"https:\/\/itdidak.dk\/wp-content\/uploads\/2023\/04\/pdf_image_link-e1680694920321.png 250w, https:\/\/itdidak.dk\/wp-content\/uploads\/2023\/04\/pdf_image_link-e1680694920321-150x150.png 150w\" sizes=\"auto, (max-width: 100px) 100vw, 100px\" \/><\/figure>\n\n\n\n<p class=\"has-small-font-size\">Tekstguide &#8211; <a href=\"https:\/\/itdidak.dk\/wp-content\/uploads\/2023\/05\/Saadan-laver-man-et-hurtigt-undervisningsforloeb-med-ChatGPT.pdf\" data-type=\"attachment\" data-id=\"450\" target=\"_blank\" rel=\"noreferrer noopener\">Et hurtigt undervisningsforl\u00f8b med ChatGPT<\/a> <\/p>\n<\/div>\n\n\n\n<div class=\"wp-block-group is-nowrap is-layout-flex wp-container-core-group-is-layout-6c531013 wp-block-group-is-layout-flex\">\n<figure class=\"wp-block-image size-full is-resized\"><img loading=\"lazy\" decoding=\"async\" src=\"https:\/\/itdidak.dk\/wp-content\/uploads\/2023\/04\/pdf_image_link-e1680694920321.png\" alt=\"\" class=\"wp-image-123\" width=\"100\" height=\"100\" srcset=\"https:\/\/itdidak.dk\/wp-content\/uploads\/2023\/04\/pdf_image_link-e1680694920321.png 250w, https:\/\/itdidak.dk\/wp-content\/uploads\/2023\/04\/pdf_image_link-e1680694920321-150x150.png 150w\" sizes=\"auto, (max-width: 100px) 100vw, 100px\" \/><\/figure>\n\n\n\n<p class=\"has-small-font-size\">Tekstguide &#8211; <a href=\"https:\/\/itdidak.dk\/wp-content\/uploads\/2023\/05\/Tips-og-tricks.pdf\" data-type=\"attachment\" data-id=\"454\" target=\"_blank\" rel=\"noreferrer noopener\">Tips og tricks<\/a> <\/p>\n<\/div>\n","protected":false},"excerpt":{"rendered":"<p>Vejledninger og videoguides Her finder du vejledninger og videoguides til at komme i gang med at anvende generative sprogmodeller. Alle vejledninger er udarbejdet af os og m\u00e5 frit anvendes. Videoguides Tekstguides PowerPoint &#8211; Fra Workshop d. 22 marts Tekstguide &#8211; Kom i gang med sprogmodeller Tekstguide &#8211; Brug ChatGPT til at brainstorme problemstllinger Tekstguide &#8211; [&hellip;]<\/p>\n","protected":false},"author":1,"featured_media":0,"parent":0,"menu_order":0,"comment_status":"closed","ping_status":"closed","template":"","meta":{"footnotes":""},"class_list":["post-43","page","type-page","status-publish","hentry"],"_links":{"self":[{"href":"https:\/\/itdidak.dk\/index.php\/wp-json\/wp\/v2\/pages\/43","targetHints":{"allow":["GET"]}}],"collection":[{"href":"https:\/\/itdidak.dk\/index.php\/wp-json\/wp\/v2\/pages"}],"about":[{"href":"https:\/\/itdidak.dk\/index.php\/wp-json\/wp\/v2\/types\/page"}],"author":[{"embeddable":true,"href":"https:\/\/itdidak.dk\/index.php\/wp-json\/wp\/v2\/users\/1"}],"replies":[{"embeddable":true,"href":"https:\/\/itdidak.dk\/index.php\/wp-json\/wp\/v2\/comments?post=43"}],"version-history":[{"count":19,"href":"https:\/\/itdidak.dk\/index.php\/wp-json\/wp\/v2\/pages\/43\/revisions"}],"predecessor-version":[{"id":464,"href":"https:\/\/itdidak.dk\/index.php\/wp-json\/wp\/v2\/pages\/43\/revisions\/464"}],"wp:attachment":[{"href":"https:\/\/itdidak.dk\/index.php\/wp-json\/wp\/v2\/media?parent=43"}],"curies":[{"name":"wp","href":"https:\/\/api.w.org\/{rel}","templated":true}]}}