{"id":14,"date":"2023-02-15T10:31:12","date_gmt":"2023-02-15T10:31:12","guid":{"rendered":"https:\/\/itdidak.dk\/?page_id=14"},"modified":"2023-09-24T07:23:36","modified_gmt":"2023-09-24T07:23:36","slug":"teori","status":"publish","type":"page","link":"https:\/\/itdidak.dk\/index.php\/teori\/","title":{"rendered":"Teori"},"content":{"rendered":"\n<h1 class=\"wp-block-heading has-medium-font-size\">Teorierne bag itdidak.dk<\/h1>\n\n\n\n<p class=\"has-small-font-size\">Vores speciale er blevet bed\u00f8mt til karakteren 12 og de, der m\u00e5tte have lyst, har nu mulighed for at f\u00e5 indblik i de teorier, som ligger bag udarbejdelsen af itdidak.dk, de forskellige guides samt p\u00e6dagogiske formater.<\/p>\n\n\n\n<p>Beck, N. K. &amp; Lau, C. S. (2023).\u00a0<em>Hvad skal chatbots i skolen? &#8211; Itdidak.dk som en didaktisk platform for undervisning i og med generative sprogmodeller<\/em>. [ <a rel=\"noreferrer noopener\" href=\"https:\/\/itdidak.dk\/wp-content\/uploads\/2023\/09\/Speciale_Niels_Beck_Christian_Lau_Chatbots_i_skolen.pdf\" data-type=\"attachment\" data-id=\"529\" target=\"_blank\">hent<\/a> ]<br><br>Rigtig god l\u00e6selyst!<br><br>Cand. P\u00e6d Niels Kristian Beck og Cand. P\u00e6d. Christian Str\u00f8m Lau <\/p>\n","protected":false},"excerpt":{"rendered":"<p>Teorierne bag itdidak.dk Vores speciale er blevet bed\u00f8mt til karakteren 12 og de, der m\u00e5tte have lyst, har nu mulighed for at f\u00e5 indblik i de teorier, som ligger bag udarbejdelsen af itdidak.dk, de forskellige guides samt p\u00e6dagogiske formater. Beck, N. K. &amp; Lau, C. S. (2023).\u00a0Hvad skal chatbots i skolen? &#8211; Itdidak.dk som en [&hellip;]<\/p>\n","protected":false},"author":1,"featured_media":0,"parent":0,"menu_order":0,"comment_status":"closed","ping_status":"closed","template":"","meta":{"footnotes":""},"class_list":["post-14","page","type-page","status-publish","hentry"],"_links":{"self":[{"href":"https:\/\/itdidak.dk\/index.php\/wp-json\/wp\/v2\/pages\/14","targetHints":{"allow":["GET"]}}],"collection":[{"href":"https:\/\/itdidak.dk\/index.php\/wp-json\/wp\/v2\/pages"}],"about":[{"href":"https:\/\/itdidak.dk\/index.php\/wp-json\/wp\/v2\/types\/page"}],"author":[{"embeddable":true,"href":"https:\/\/itdidak.dk\/index.php\/wp-json\/wp\/v2\/users\/1"}],"replies":[{"embeddable":true,"href":"https:\/\/itdidak.dk\/index.php\/wp-json\/wp\/v2\/comments?post=14"}],"version-history":[{"count":12,"href":"https:\/\/itdidak.dk\/index.php\/wp-json\/wp\/v2\/pages\/14\/revisions"}],"predecessor-version":[{"id":534,"href":"https:\/\/itdidak.dk\/index.php\/wp-json\/wp\/v2\/pages\/14\/revisions\/534"}],"wp:attachment":[{"href":"https:\/\/itdidak.dk\/index.php\/wp-json\/wp\/v2\/media?parent=14"}],"curies":[{"name":"wp","href":"https:\/\/api.w.org\/{rel}","templated":true}]}}